{"id":806,"date":"2012-01-30T10:28:50","date_gmt":"2012-01-30T10:28:50","guid":{"rendered":"https:\/\/transarpe.net\/web\/?page_id=806"},"modified":"2018-09-03T17:19:10","modified_gmt":"2018-09-03T16:19:10","slug":"hormigones","status":"publish","type":"page","link":"https:\/\/transarpe.net\/web\/hormigones\/","title":{"rendered":"Hormigones"},"content":{"rendered":"<div class=\"wpb-content-wrapper\"><p>[vc_row type=\u00bbvc_default\u00bb full_width=\u00bbstretch_row_content_no_spaces\u00bb margin_top=\u00bb-50&#8243; bg_type=\u00bbimage\u00bb bg_override=\u00bbex-full\u00bb enable_overlay=\u00bbenable_overlay_value\u00bb overlay_color=\u00bbrgba(0,0,0,0.32)\u00bb overlay_pattern=\u00bbtransperant\u00bb overlay_pattern_opacity=\u00bb25&#8243; css=\u00bb.vc_custom_1535615274729{padding-top: 10% !important;padding-bottom: 10% !important;background-image: url(https:\/\/transarpe.net\/web\/wp-content\/uploads\/2018\/08\/hormigones.jpg?id=1777) !important;}\u00bb][vc_column offset=\u00bbvc_col-lg-12 vc_col-md-12&#8243; css=\u00bb.vc_custom_1535613195075{padding-bottom: 10px !important;}\u00bb]<div id=\"ultimate-heading-790469f0b90531e63\" class=\"uvc-heading ult-adjust-bottom-margin ultimate-heading-790469f0b90531e63 uvc-7622 \" data-hspacer=\"line_with_icon\" data-hline_width=\"360\" data-hicon_type=\"custom\" data-hborder_style=\"solid\" data-hborder_height=\"3\" data-hborder_color=\"#00802a\" data-icon_width=\"56\" data-hfixer=\"10\"  data-halign=\"center\" style=\"text-align:center\"><div class=\"uvc-main-heading ult-responsive\"  data-ultimate-target='.uvc-heading.ultimate-heading-790469f0b90531e63 h2'  data-responsive-json-new='{\"font-size\":\"desktop:44px;mobile_landscape:22px;mobile:22px;\",\"line-height\":\"desktop:46px;mobile_landscape:32px;mobile:32px;\"}' ><h2 style=\"font-family:&#039;Source Sans Pro&#039;;font-weight:600;color:#ffffff;\">HORMIGONES Y MORTEROS<\/h2><\/div><div class=\"uvc-sub-heading ult-responsive\"  data-ultimate-target='.uvc-heading.ultimate-heading-790469f0b90531e63 .uvc-sub-heading '  data-responsive-json-new='{\"font-size\":\"desktop:58px;mobile_landscape:38px;mobile:30px;\",\"line-height\":\"desktop:68px;mobile_landscape:48px;mobile:40px;\"}'  style=\"font-family:&#039;Source Sans Pro&#039;;font-weight:300;color:#ffffff;margin-top:10px;margin-bottom:20px;\"><\/p>\n<h2 class=\"fancy-subtitle start-animation-done start-animation\" style=\"text-align: center;\"><\/h2>\n<p><\/div><div class=\"uvc-heading-spacer line_with_icon\" style=\"top\"><div class=\"ult-just-icon-wrapper  \"><div class=\"align-icon\" style=\"text-align:center;\">\n<div class=\"aio-icon-img \" style=\"font-size:56px;display:inline-block;\" >\n\t<img decoding=\"async\" class=\"img-icon\" alt=\"null\" src=\"https:\/\/transarpe.net\/web\/wp-content\/uploads\/2018\/08\/hormigonera.png\"\/>\n<\/div><\/div><\/div><\/div><\/div><style type=\"text\/css\" data-type=\"the7_shortcodes-inline-css\">.dt-breadcrumbs-id-402ab09ba2bc3c62625edbc012a8f345 .breadcrumbs {\n  display: inline-block;\n  margin: 0;\n  padding: 2px 12px 2px 12px;\n  border: 1px solid rgba(255,255,255,0.25);\n  border-radius: 0px;\n}\n.dt-breadcrumbs-id-402ab09ba2bc3c62625edbc012a8f345 .breadcrumbs * {\n  font-size: 13px;\n  line-height: 16px;\n  text-transform: uppercase;\n  color: #ffffff;\n}\n<\/style><div class=\"dt-breadcrumbs-shortcode dt-breadcrumbs-id-402ab09ba2bc3c62625edbc012a8f345 align-centre\"><div class=\"assistive-text\">Est\u00e1s aqu\u00ed:<\/div><ol class=\"breadcrumbs text-small\" itemscope itemtype=\"https:\/\/schema.org\/BreadcrumbList\"><li itemprop=\"itemListElement\" itemscope itemtype=\"https:\/\/schema.org\/ListItem\"><a itemprop=\"item\" href=\"https:\/\/transarpe.net\/web\/\" title=\"Inicio\"><span itemprop=\"name\">Inicio<\/span><\/a><meta itemprop=\"position\" content=\"1\" \/><\/li><li class=\"current\" itemprop=\"itemListElement\" itemscope itemtype=\"https:\/\/schema.org\/ListItem\"><span itemprop=\"name\">P\u00e1gina<\/span><meta itemprop=\"position\" content=\"2\" \/><\/li><\/ol><\/div>[\/vc_column][\/vc_row][vc_row][vc_column][vc_column_text]<\/p>\n<div id=\"Texto\">\n<p style=\"text-align: justify;\" align=\"justify\"><span style=\"font-family: helvetica, arial, sans-serif; font-size: 12pt;\">La \u00faltima incorporaci\u00f3n a nuestra empresa es una planta de hormigones, dotada con la ultima tecnologia en proceso de obtenci\u00f3n de hormigones y morteros. Controlando por ordenador todo el porceso le da a nuestro producto una alta calidad y validez para cualquier tipo de uso. Asi mismo contamos con una flota de hormigoneras propias para la comercializaci\u00f3n y distribuci\u00f3n directamente a obra de nuestro producto.<br \/>\n<\/span><\/p>\n<p style=\"text-align: justify;\" align=\"justify\"><span style=\"font-family: helvetica, arial, sans-serif; font-size: 12pt;\">Mas abajo puede ver una lista de todos los productos que actualmente fabricamos. Si necesita alguno que no se encuentre en ella pongase en contacto con nostros y le atenderemos sin compromiso alguno. <\/span><\/p>\n<\/div>\n<p>[\/vc_column_text][\/vc_column][\/vc_row][vc_row anchor=\u00bbarmado\u00bb][vc_column][vc_text_separator title=\u00bbHORMIG\u00d3N ARMADO\u00bb color=\u00bbgreen\u00bb style=\u00bbshadow\u00bb border_width=\u00bb2&#8243; el_width=\u00bb90&#8243;][vc_column_text css=\u00bb.vc_custom_1535352921718{margin-top: -12px !important;}\u00bb]<\/p>\n<p style=\"text-align: center;\"><strong><span style=\"font-family: helvetica, arial, sans-serif; font-size: 10pt;\">Interiores sometidos a humedades relativas medias altas (&gt;65%) o a condensaciones. Exteriores en ausencia de cloruros y expuestos a lluvia en zonas con precipitaci\u00f3n media anual superior a 600 mm. Elementos enterrados o sumergidos.<\/span><\/strong><\/p>\n<p>[\/vc_column_text][vc_column_text]<\/p>\n<table class=\"table_model1\">\n<thead>\n<tr>\n<th>Tipificaci\u00f3n<\/th>\n<th>Ambiente<\/th>\n<\/tr>\n<\/thead>\n<tbody>\n<tr>\n<td>HA-25\/B\/22\/IIa<\/td>\n<td>IIa<\/td>\n<\/tr>\n<tr>\n<td>HA-25\/P\/22\/IIa<\/td>\n<td>IIa<\/td>\n<\/tr>\n<tr>\n<td>HA-25\/F\/22\/IIa<\/td>\n<td>IIa<\/td>\n<\/tr>\n<tr>\n<td>HA-25\/B\/25\/IIa+Qa<\/td>\n<td>IIa+Qa<\/td>\n<\/tr>\n<tr>\n<td>HA-30\/B\/22\/IIa<\/td>\n<td>IIa<\/td>\n<\/tr>\n<tr>\n<td>HA-35\/B\/20\/IIa<\/td>\n<td>IIa<\/td>\n<\/tr>\n<tr>\n<td>HA-30\/B\/22\/IIb<\/td>\n<td>IIb<\/td>\n<\/tr>\n<\/tbody>\n<\/table>\n<p>[\/vc_column_text][\/vc_column][\/vc_row][vc_row anchor=\u00bbmasa\u00bb][vc_column][vc_text_separator title=\u00bbHORMIG\u00d3N EN MASA\u00bb color=\u00bbgreen\u00bb style=\u00bbshadow\u00bb border_width=\u00bb2&#8243; el_width=\u00bb90&#8243;][vc_column_text css=\u00bb.vc_custom_1535353437711{margin-top: -12px !important;}\u00bb]<\/p>\n<p style=\"text-align: center;\"><strong><span style=\"font-family: helvetica, arial, sans-serif; font-size: 10pt;\">Interiores de edificios, no sometidos a condensaciones (interiores de edificios, protegidos de la intemperie). Elementos de hormig\u00f3n en masa.<\/span><\/strong><\/p>\n<p>[\/vc_column_text][vc_column_text]<\/p>\n<table class=\"table_model1\">\n<thead>\n<tr>\n<th>Tipificaci\u00f3n<\/th>\n<th>Ambiente<\/th>\n<\/tr>\n<\/thead>\n<tbody>\n<tr>\n<td>HM-10\/B\/22<\/td>\n<td>&#8212;<\/td>\n<\/tr>\n<tr>\n<td>HM-15\/B\/22<\/td>\n<td>&#8212;<\/td>\n<\/tr>\n<tr>\n<td>HM-17.5\/B\/22<\/td>\n<td>&#8212;<\/td>\n<\/tr>\n<tr>\n<td>HM-12.5\/b\/20<\/td>\n<td>&#8212;<\/td>\n<\/tr>\n<tr>\n<td>HM-20\/B\/22\/I<\/td>\n<td>I<\/td>\n<\/tr>\n<\/tbody>\n<\/table>\n<p>[\/vc_column_text][\/vc_column][\/vc_row][vc_row anchor=\u00bbmorteros\u00bb][vc_column][vc_text_separator title=\u00bbMORTEROS\u00bb color=\u00bbgreen\u00bb style=\u00bbshadow\u00bb border_width=\u00bb2&#8243; el_width=\u00bb90&#8243;][vc_column_text css=\u00bb.vc_custom_1535353587262{margin-top: -12px !important;}\u00bb]<\/p>\n<p style=\"text-align: center;\"><strong><span style=\"font-family: helvetica, arial, sans-serif; font-size: 10pt;\">Construcci\u00f3n de f\u00e1brica en muros, pilares y tabiques de alba\u00f1iler\u00eda. Creaci\u00f3n de recrecidos, soleras y rellenos. Interior y exterior.<\/span><\/strong><\/p>\n<p>[\/vc_column_text][vc_column_text]<\/p>\n<table class=\"table_model1\">\n<thead>\n<tr>\n<th>Tipificaci\u00f3n<\/th>\n<th>Descripci\u00f3n<\/th>\n<\/tr>\n<\/thead>\n<tbody>\n<tr>\n<td>M-5<\/td>\n<td>Estabilizado<\/td>\n<\/tr>\n<tr>\n<td>M-7.5<\/td>\n<td>Estabilizado<\/td>\n<\/tr>\n<tr>\n<td>M-10<\/td>\n<td>Estabilizado<\/td>\n<\/tr>\n<tr>\n<td>M-5<\/td>\n<td>Estabilizado para Solados y Aceras<\/td>\n<\/tr>\n<tr>\n<td>M-15<\/td>\n<td>Mortero de alba\u00f1iler\u00eda<\/td>\n<\/tr>\n<\/tbody>\n<\/table>\n<p>[\/vc_column_text][\/vc_column][\/vc_row][vc_row][vc_column offset=\u00bbvc_hidden-lg vc_hidden-md vc_hidden-sm vc_hidden-xs\u00bb][vc_column_text]<\/p>\n<h3>Hormigones y Morteros<\/h3>\n<p>&nbsp;<\/p>\n<p style=\"text-align: justify;\">La \u00faltima incorporaci\u00f3n a nuestra empresa es una planta de hormigones, dotada con la ultima tecnologia en proceso de obtenci\u00f3n de hormigones y morteros. Controlando por ordenador todo el porceso le da a nuestro producto una alta calidad y validez para cualquier tipo de uso. Asi mismo contamos con una flota de hormigoneras propias para la comercializaci\u00f3n y distribuci\u00f3n directamente a obra de nuestro producto.<br \/>\nMas abajo puede ver una lista de todos los productos que actualmente fabricamos. Si necesita alguno que no se encuentre en ella pongase en contacto con nostros y le atenderemos sin compromiso alguno.<\/p>\n<p>&nbsp;<\/p>\n<p>&nbsp;<\/p>\n<h3>HORMIGON ARMADO: TIPOS Y AMBIENTES<\/h3>\n<p>&nbsp;<\/p>\n<p style=\"text-align: justify;\">Interiores sometidos a humedades relativas medias altas (&gt;65%) o a condensaciones. Exteriores en ausencia de cloruros y expuestos a lluvia en zonas con precipitaci\u00f3n media anual superior a 600 mm. Elementos enterrados o sumergidos.<\/p>\n<p>&nbsp;<\/p>\n<table class=\"table_model1\">\n<thead>\n<tr>\n<th>Tipificaci\u00f3n<\/th>\n<th>Ambiente<\/th>\n<\/tr>\n<\/thead>\n<tbody>\n<tr>\n<td>HA-25\/B\/22\/IIa<\/td>\n<td>IIa<\/td>\n<\/tr>\n<tr>\n<td>HA-25\/P\/22\/IIa<\/td>\n<td>IIa<\/td>\n<\/tr>\n<tr>\n<td>HA-25\/F\/22\/IIa<\/td>\n<td>IIa<\/td>\n<\/tr>\n<tr>\n<td>HA-25\/B\/25\/IIa+Qa<\/td>\n<td>IIa+Qa<\/td>\n<\/tr>\n<tr>\n<td>HA-30\/B\/22\/IIa<\/td>\n<td>IIa<\/td>\n<\/tr>\n<tr>\n<td>HA-35\/B\/20\/IIa<\/td>\n<td>IIa<\/td>\n<\/tr>\n<tr>\n<td>HA-30\/B\/22\/IIb<\/td>\n<td>IIb<\/td>\n<\/tr>\n<\/tbody>\n<\/table>\n<p>&nbsp;<\/p>\n<p>&nbsp;<\/p>\n<h3>HORMIGON EN MASA: TIPOS Y AMBIENTES<\/h3>\n<p>&nbsp;<\/p>\n<p style=\"text-align: justify;\">Interiores de edificios, no sometidos a condensaciones (interiores de edificios, protegidos de la intemperie). Elementos de hormig\u00f3n en masa.<\/p>\n<p>&nbsp;<\/p>\n<table class=\"table_model1\">\n<thead>\n<tr>\n<th>Tipificaci\u00f3n<\/th>\n<th>Ambiente<\/th>\n<\/tr>\n<\/thead>\n<tbody>\n<tr>\n<td>HM-10\/B\/22<\/td>\n<td>&#8212;<\/td>\n<\/tr>\n<tr>\n<td>HM-15\/B\/22<\/td>\n<td>&#8212;<\/td>\n<\/tr>\n<tr>\n<td>HM-17.5\/B\/22<\/td>\n<td>&#8212;<\/td>\n<\/tr>\n<tr>\n<td>HM-12.5\/b\/20<\/td>\n<td>&#8212;<\/td>\n<\/tr>\n<tr>\n<td>HM-20\/B\/22\/I<\/td>\n<td>I<\/td>\n<\/tr>\n<\/tbody>\n<\/table>\n<p>&nbsp;<\/p>\n<p>&nbsp;<\/p>\n<h3>MORTEROS: TIPIFICACIONES<\/h3>\n<p>&nbsp;<\/p>\n<table class=\"table_model1\">\n<thead>\n<tr>\n<th>Tipificaci\u00f3n<\/th>\n<th>Descripci\u00f3n<\/th>\n<\/tr>\n<\/thead>\n<tbody>\n<tr>\n<td>M-5<\/td>\n<td>Estabilizado<\/td>\n<\/tr>\n<tr>\n<td>M-7.5<\/td>\n<td>Estabilizado<\/td>\n<\/tr>\n<tr>\n<td>M-10<\/td>\n<td>Estabilizado<\/td>\n<\/tr>\n<tr>\n<td>M-5<\/td>\n<td>Estabilizado para Solados y Aceras<\/td>\n<\/tr>\n<tr>\n<td>M-15<\/td>\n<td>Mortero de alba\u00f1iler\u00eda<\/td>\n<\/tr>\n<\/tbody>\n<\/table>\n<p>&nbsp;<\/p>\n<p>&nbsp;<\/p>\n<h3>Hormigoneras<\/h3>\n<p>[raw]<br \/>\n[phoenixgallery id=\u00bbhormigones\u00bb]<br \/>\n[\/raw][\/vc_column_text][\/vc_column][\/vc_row]<\/p>\n<\/div>","protected":false},"excerpt":{"rendered":"<p>[vc_row type=\u00bbvc_default\u00bb full_width=\u00bbstretch_row_content_no_spaces\u00bb margin_top=\u00bb-50&#8243; bg_type=\u00bbimage\u00bb bg_override=\u00bbex-full\u00bb enable_overlay=\u00bbenable_overlay_value\u00bb overlay_color=\u00bbrgba(0,0,0,0.32)\u00bb overlay_pattern=\u00bbtransperant\u00bb overlay_pattern_opacity=\u00bb25&#8243; css=\u00bb.vc_custom_1535615274729{padding-top: 10% !important;padding-bottom: 10% !important;background-image: url(https:\/\/transarpe.net\/web\/wp-content\/uploads\/2018\/08\/hormigones.jpg?id=1777) !important;}\u00bb][vc_column offset=\u00bbvc_col-lg-12 vc_col-md-12&#8243; css=\u00bb.vc_custom_1535613195075{padding-bottom: 10px !important;}\u00bb][\/vc_column][\/vc_row][vc_row][vc_column][vc_column_text] La \u00faltima incorporaci\u00f3n a nuestra empresa es una planta de hormigones, dotada con la ultima tecnologia en proceso de obtenci\u00f3n de hormigones y morteros. Controlando por ordenador todo el porceso le da a<\/p>\n","protected":false},"author":1,"featured_media":0,"parent":0,"menu_order":0,"comment_status":"closed","ping_status":"closed","template":"","meta":{"footnotes":""},"_links":{"self":[{"href":"https:\/\/transarpe.net\/web\/wp-json\/wp\/v2\/pages\/806"}],"collection":[{"href":"https:\/\/transarpe.net\/web\/wp-json\/wp\/v2\/pages"}],"about":[{"href":"https:\/\/transarpe.net\/web\/wp-json\/wp\/v2\/types\/page"}],"author":[{"embeddable":true,"href":"https:\/\/transarpe.net\/web\/wp-json\/wp\/v2\/users\/1"}],"replies":[{"embeddable":true,"href":"https:\/\/transarpe.net\/web\/wp-json\/wp\/v2\/comments?post=806"}],"version-history":[{"count":0,"href":"https:\/\/transarpe.net\/web\/wp-json\/wp\/v2\/pages\/806\/revisions"}],"wp:attachment":[{"href":"https:\/\/transarpe.net\/web\/wp-json\/wp\/v2\/media?parent=806"}],"curies":[{"name":"wp","href":"https:\/\/api.w.org\/{rel}","templated":true}]}}