{"id":1017,"date":"2017-08-05T17:57:08","date_gmt":"2017-08-05T16:57:08","guid":{"rendered":"https:\/\/transarpe.net\/web\/?page_id=1017"},"modified":"2024-06-04T16:35:55","modified_gmt":"2024-06-04T15:35:55","slug":"politica-de-calidad","status":"publish","type":"page","link":"https:\/\/transarpe.net\/web\/politica-de-calidad\/","title":{"rendered":"politica de calidad"},"content":{"rendered":"<p>&nbsp;<\/p>\n<p>&nbsp;<\/p>\n<h3 style=\"text-align: center;\"><span style=\"font-family: helvetica, arial, sans-serif;\">POL\u00cdTICA DE CALIDAD DE LA EMPRESA TRANSARPE, S.L.<\/span><\/h3>\n<p style=\"text-align: justify;\">\n<p style=\"text-align: justify;\">\n<div style=\"text-align: justify;\">\n<p style=\"text-align: justify;\"><span style=\"font-family: helvetica, arial, sans-serif;\">Desde nuestros comienzos, la raz\u00f3n de ser de nuestra actividad se ha centrado en ofrecer a nuestros clientes un servicio de m\u00e1xima calidad dentro de un mercado cada vez m\u00e1s competitivo, debido al surgimiento de nuevas empresas dedicadas a nuestra misma actividad.<\/span><\/p>\n<p style=\"text-align: justify;\"><span style=\"font-family: helvetica, arial, sans-serif;\">Por esta raz\u00f3n, debemos fijar nuestros esfuerzos en ofrecer a nuestros clientes un servicio con una calidad tal que la misma sea un motivo de diferenciaci\u00f3n frente a nuestros competidores. As\u00ed, nuestra Pol\u00edtica de Calidad est\u00e1 basada en los siguientes puntos:<\/span><\/p>\n<p style=\"text-align: justify;\"><span style=\"font-family: helvetica, arial, sans-serif;\"><strong>Objetivos:<\/strong><\/span><\/p>\n<p style=\"text-align: justify;\"><span style=\"font-family: helvetica, arial, sans-serif;\">&#8211; La mejora continua en la extracci\u00f3n, la trituraci\u00f3n, la clasificaci\u00f3n, la venta y el transporte por carretera de \u00e1ridos.<\/span><br \/>\n<span style=\"font-family: helvetica, arial, sans-serif;\">&#8211; Mantener la certificaci\u00f3n, seg\u00fan norma UNE-EN ISO 9001:2015.<\/span><br \/>\n<span style=\"font-family: helvetica, arial, sans-serif;\">&#8211; Mejorar continuamente con eficacia el sistema de gesti\u00f3n de calidad, consiguiendo con ello el aumento de fiabilidad en el desarrollo de cada uno de sus servicios.<\/span><br \/>\n<span style=\"font-family: helvetica, arial, sans-serif;\">&#8211; Mejorar los servicios ofrecidos al cliente mediante el establecimiento e implantaci\u00f3n de una metodolog\u00eda definida que establezca claramente responsabilidades.<\/span><br \/>\n<span style=\"font-family: helvetica, arial, sans-serif;\">&#8211; Cuidar la cualificaci\u00f3n del personal para cumplir con sus actividades de manera satisfactoria, ya que la formaci\u00f3n y experiencia de nuestro personal es una fortaleza importante de nuestro sistema de calidad.<\/span><br \/>\n<span style=\"font-family: helvetica, arial, sans-serif;\">&#8211; Cumplir con los requisitos legales, los establecidos por la organizaci\u00f3n, los establecidos por esta norma internacional y otros requisitos.<\/span><\/p>\n<p style=\"text-align: justify;\"><span style=\"font-family: helvetica, arial, sans-serif;\"><strong>Compromisos:<\/strong><\/span><\/p>\n<p style=\"text-align: justify;\"><span style=\"font-family: helvetica, arial, sans-serif;\">&#8211; La Gerencia se compromete a cumplir y hacer cumplir a todo el personal los requisitos de la calidad, tambi\u00e9n proporcionar\u00e1 los medios materiales y humanos necesarios para la consecuci\u00f3n de estos objetivos, divulgando la Pol\u00edtica de Calidad, a todos los niveles de la empresa, de forma que tengan la informaci\u00f3n necesaria que les permita realizar sus actividades de acuerdo con la norma UNE-EN ISO 9001:2015.<\/span><br \/>\n<span style=\"font-family: helvetica, arial, sans-serif;\">&#8211; La Gerencia se compromete a dotar al Responsable de Calidad y al Responsable de Control de Producci\u00f3n en F\u00e1brica de la autoridad necesaria para la adecuada implantaci\u00f3n de los correspondientes sistemas de Gesti\u00f3n de la Calidad y del Control de Producci\u00f3n en F\u00e1brica y nombra a <strong>Don Iv\u00e1n Merch\u00e1n Gonz\u00e1lez<\/strong> Responsable de Calidad y Responsable de Control de Producci\u00f3n en F\u00e1brica.<\/span><br \/>\n<span style=\"font-family: helvetica, arial, sans-serif;\">&#8211; La Gerencia, junto con los dem\u00e1s responsables de la organizaci\u00f3n, establecen unos objetivos con periodicidad anual, analizando su cumplimiento al finalizar cada periodo.<\/span><\/p>\n<\/div>\n<p style=\"text-align: justify;\"><span style=\"font-family: helvetica, arial, sans-serif;\"><a href=\"https:\/\/transarpe.net\/web\/wp-content\/uploads\/2024\/06\/POLITICA-DE-CALIDAD-VIGOR-2021.pdf\">POLI\u0301TICA DE CALIDAD EN VIGOR<\/a><\/span><\/p>\n<p><span style=\"font-family: helvetica, arial, sans-serif;\">Badajoz, 4 de junio de 2024.<\/span><\/p>\n","protected":false},"excerpt":{"rendered":"<p>&nbsp; &nbsp; POL\u00cdTICA DE CALIDAD DE LA EMPRESA TRANSARPE, S.L. Desde nuestros comienzos, la raz\u00f3n de ser de nuestra actividad se ha centrado en ofrecer a nuestros clientes un servicio de m\u00e1xima calidad dentro de un mercado cada vez m\u00e1s competitivo, debido al surgimiento de nuevas empresas dedicadas a nuestra misma actividad. Por esta raz\u00f3n,<\/p>\n","protected":false},"author":1,"featured_media":0,"parent":0,"menu_order":0,"comment_status":"closed","ping_status":"closed","template":"","meta":{"footnotes":""},"_links":{"self":[{"href":"https:\/\/transarpe.net\/web\/wp-json\/wp\/v2\/pages\/1017"}],"collection":[{"href":"https:\/\/transarpe.net\/web\/wp-json\/wp\/v2\/pages"}],"about":[{"href":"https:\/\/transarpe.net\/web\/wp-json\/wp\/v2\/types\/page"}],"author":[{"embeddable":true,"href":"https:\/\/transarpe.net\/web\/wp-json\/wp\/v2\/users\/1"}],"replies":[{"embeddable":true,"href":"https:\/\/transarpe.net\/web\/wp-json\/wp\/v2\/comments?post=1017"}],"version-history":[{"count":2,"href":"https:\/\/transarpe.net\/web\/wp-json\/wp\/v2\/pages\/1017\/revisions"}],"predecessor-version":[{"id":1887,"href":"https:\/\/transarpe.net\/web\/wp-json\/wp\/v2\/pages\/1017\/revisions\/1887"}],"wp:attachment":[{"href":"https:\/\/transarpe.net\/web\/wp-json\/wp\/v2\/media?parent=1017"}],"curies":[{"name":"wp","href":"https:\/\/api.w.org\/{rel}","templated":true}]}}